{"id":70,"date":"2015-07-07T20:21:51","date_gmt":"2015-07-07T20:21:51","guid":{"rendered":"http:\/\/lehorps-stlouis.fr\/?page_id=70"},"modified":"2022-05-20T08:17:15","modified_gmt":"2022-05-20T08:17:15","slug":"apel","status":"publish","type":"page","link":"http:\/\/lehorps-stlouis.fr\/?page_id=70","title":{"rendered":"APEL"},"content":{"rendered":"<p>Pr\u00e9sidente : Mme Ang\u00e9lique BERGERON<\/p>\n<p>Tr\u00e9sori\u00e8re : Mme Sophie LAURENT<\/p>\n","protected":false},"excerpt":{"rendered":"<p>Pr\u00e9sidente : Mme Ang\u00e9lique BERGERON Tr\u00e9sori\u00e8re : Mme Sophie LAURENT<\/p>\n<p class=\"continue-reading-button\"> <a class=\"continue-reading-link\" href=\"http:\/\/lehorps-stlouis.fr\/?page_id=70\">lire la suite<i class=\"crycon-right-dir\"><\/i><\/a><\/p>\n","protected":false},"author":1,"featured_media":0,"parent":0,"menu_order":0,"comment_status":"closed","ping_status":"closed","template":"","meta":{"footnotes":"","_links_to":"","_links_to_target":""},"class_list":["post-70","page","type-page","status-publish","hentry"],"_links":{"self":[{"href":"http:\/\/lehorps-stlouis.fr\/index.php?rest_route=\/wp\/v2\/pages\/70","targetHints":{"allow":["GET"]}}],"collection":[{"href":"http:\/\/lehorps-stlouis.fr\/index.php?rest_route=\/wp\/v2\/pages"}],"about":[{"href":"http:\/\/lehorps-stlouis.fr\/index.php?rest_route=\/wp\/v2\/types\/page"}],"author":[{"embeddable":true,"href":"http:\/\/lehorps-stlouis.fr\/index.php?rest_route=\/wp\/v2\/users\/1"}],"replies":[{"embeddable":true,"href":"http:\/\/lehorps-stlouis.fr\/index.php?rest_route=%2Fwp%2Fv2%2Fcomments&post=70"}],"version-history":[{"count":5,"href":"http:\/\/lehorps-stlouis.fr\/index.php?rest_route=\/wp\/v2\/pages\/70\/revisions"}],"predecessor-version":[{"id":1131,"href":"http:\/\/lehorps-stlouis.fr\/index.php?rest_route=\/wp\/v2\/pages\/70\/revisions\/1131"}],"wp:attachment":[{"href":"http:\/\/lehorps-stlouis.fr\/index.php?rest_route=%2Fwp%2Fv2%2Fmedia&parent=70"}],"curies":[{"name":"wp","href":"https:\/\/api.w.org\/{rel}","templated":true}]}}