{"id":68,"date":"2015-07-07T20:21:33","date_gmt":"2015-07-07T20:21:33","guid":{"rendered":"http:\/\/lehorps-stlouis.fr\/?page_id=68"},"modified":"2020-10-22T17:16:03","modified_gmt":"2020-10-22T17:16:03","slug":"ogec","status":"publish","type":"page","link":"http:\/\/lehorps-stlouis.fr\/?page_id=68","title":{"rendered":"OGEC"},"content":{"rendered":"<p>Pr\u00e9sidente :Mme JARDIN Adelina<\/p>\n<p>Tr\u00e9sori\u00e8re : Mme DUJARRIER Sandrine<\/p>\n<p>\u00a0<\/p>\n\n\n<p><\/p>\n","protected":false},"excerpt":{"rendered":"<p>Pr\u00e9sidente :Mme JARDIN Adelina Tr\u00e9sori\u00e8re : Mme DUJARRIER Sandrine \u00a0<\/p>\n<p class=\"continue-reading-button\"> <a class=\"continue-reading-link\" href=\"http:\/\/lehorps-stlouis.fr\/?page_id=68\">lire la suite<i class=\"crycon-right-dir\"><\/i><\/a><\/p>\n","protected":false},"author":1,"featured_media":0,"parent":0,"menu_order":0,"comment_status":"closed","ping_status":"closed","template":"","meta":{"footnotes":"","_links_to":"","_links_to_target":""},"class_list":["post-68","page","type-page","status-publish","hentry"],"_links":{"self":[{"href":"http:\/\/lehorps-stlouis.fr\/index.php?rest_route=\/wp\/v2\/pages\/68","targetHints":{"allow":["GET"]}}],"collection":[{"href":"http:\/\/lehorps-stlouis.fr\/index.php?rest_route=\/wp\/v2\/pages"}],"about":[{"href":"http:\/\/lehorps-stlouis.fr\/index.php?rest_route=\/wp\/v2\/types\/page"}],"author":[{"embeddable":true,"href":"http:\/\/lehorps-stlouis.fr\/index.php?rest_route=\/wp\/v2\/users\/1"}],"replies":[{"embeddable":true,"href":"http:\/\/lehorps-stlouis.fr\/index.php?rest_route=%2Fwp%2Fv2%2Fcomments&post=68"}],"version-history":[{"count":6,"href":"http:\/\/lehorps-stlouis.fr\/index.php?rest_route=\/wp\/v2\/pages\/68\/revisions"}],"predecessor-version":[{"id":759,"href":"http:\/\/lehorps-stlouis.fr\/index.php?rest_route=\/wp\/v2\/pages\/68\/revisions\/759"}],"wp:attachment":[{"href":"http:\/\/lehorps-stlouis.fr\/index.php?rest_route=%2Fwp%2Fv2%2Fmedia&parent=68"}],"curies":[{"name":"wp","href":"https:\/\/api.w.org\/{rel}","templated":true}]}}