{"id":57,"date":"2015-07-07T20:18:22","date_gmt":"2015-07-07T20:18:22","guid":{"rendered":"http:\/\/lehorps-stlouis.fr\/?page_id=57"},"modified":"2021-08-16T10:15:20","modified_gmt":"2021-08-16T10:15:20","slug":"horaires-4","status":"publish","type":"page","link":"http:\/\/lehorps-stlouis.fr\/?page_id=57","title":{"rendered":"Horaires"},"content":{"rendered":"<p><strong>Lundi<\/strong>\u00a0\u00a0\u00a0\u00a0\u00a0\u00a0\u00a0\u00a0\u00a0\u00a0 8h45-12h \/ 13h30-16h30<br \/><strong>Mardi<\/strong>\u00a0\u00a0\u00a0\u00a0\u00a0\u00a0\u00a0\u00a0\u00a0\u00a0 8h45-12h \/ 13h30-16h30<br \/><strong>Jeudi<\/strong>\u00a0\u00a0\u00a0\u00a0\u00a0\u00a0\u00a0\u00a0\u00a0\u00a0\u00a0 8h45-12h \/ 13h30-16h30<br \/><strong>Vendredi<\/strong> \u00a0\u00a0\u00a0 8h45-12h \/ 13h30-16h30<\/p>\n\n\n<p>Accueil des \u00e9l\u00e8ves le matin et l&#8217;apr\u00e8s-midi 10 minutes avant les horaires de classe indiqu\u00e9s ci-dessus. <\/p>\n\n\n\n<p>Dans le cadre du plan Vigipirate, <strong>le portail est ferm\u00e9 pendant les heures de classes<\/strong>. En cas de besoin, merci de contacter l&#8217;\u00e9cole par t\u00e9l\u00e9phone au 02 43 03 93 41. <\/p>\n","protected":false},"excerpt":{"rendered":"<p>Lundi\u00a0\u00a0\u00a0\u00a0\u00a0\u00a0\u00a0\u00a0\u00a0\u00a0 8h45-12h \/ 13h30-16h30Mardi\u00a0\u00a0\u00a0\u00a0\u00a0\u00a0\u00a0\u00a0\u00a0\u00a0 8h45-12h \/ 13h30-16h30Jeudi\u00a0\u00a0\u00a0\u00a0\u00a0\u00a0\u00a0\u00a0\u00a0\u00a0\u00a0 8h45-12h \/ 13h30-16h30Vendredi \u00a0\u00a0\u00a0 8h45-12h \/ 13h30-16h30 Accueil des \u00e9l\u00e8ves le matin et l&#8217;apr\u00e8s-midi 10 minutes avant les horaires de classe indiqu\u00e9s ci-dessus.\u2026<\/p>\n<p class=\"continue-reading-button\"> <a class=\"continue-reading-link\" href=\"http:\/\/lehorps-stlouis.fr\/?page_id=57\">lire la suite<i class=\"crycon-right-dir\"><\/i><\/a><\/p>\n","protected":false},"author":1,"featured_media":0,"parent":0,"menu_order":0,"comment_status":"closed","ping_status":"closed","template":"","meta":{"footnotes":"","_links_to":"","_links_to_target":""},"class_list":["post-57","page","type-page","status-publish","hentry"],"_links":{"self":[{"href":"http:\/\/lehorps-stlouis.fr\/index.php?rest_route=\/wp\/v2\/pages\/57","targetHints":{"allow":["GET"]}}],"collection":[{"href":"http:\/\/lehorps-stlouis.fr\/index.php?rest_route=\/wp\/v2\/pages"}],"about":[{"href":"http:\/\/lehorps-stlouis.fr\/index.php?rest_route=\/wp\/v2\/types\/page"}],"author":[{"embeddable":true,"href":"http:\/\/lehorps-stlouis.fr\/index.php?rest_route=\/wp\/v2\/users\/1"}],"replies":[{"embeddable":true,"href":"http:\/\/lehorps-stlouis.fr\/index.php?rest_route=%2Fwp%2Fv2%2Fcomments&post=57"}],"version-history":[{"count":7,"href":"http:\/\/lehorps-stlouis.fr\/index.php?rest_route=\/wp\/v2\/pages\/57\/revisions"}],"predecessor-version":[{"id":864,"href":"http:\/\/lehorps-stlouis.fr\/index.php?rest_route=\/wp\/v2\/pages\/57\/revisions\/864"}],"wp:attachment":[{"href":"http:\/\/lehorps-stlouis.fr\/index.php?rest_route=%2Fwp%2Fv2%2Fmedia&parent=57"}],"curies":[{"name":"wp","href":"https:\/\/api.w.org\/{rel}","templated":true}]}}