{"id":361,"date":"2019-02-10T18:56:53","date_gmt":"2019-02-10T18:56:53","guid":{"rendered":"http:\/\/lehorps-stlouis.fr\/?page_id=361"},"modified":"2026-04-14T10:24:56","modified_gmt":"2026-04-14T10:24:56","slug":"actualites-2","status":"publish","type":"page","link":"http:\/\/lehorps-stlouis.fr\/?page_id=361","title":{"rendered":"Actualit\u00e9s"},"content":{"rendered":"\n<p><strong>INSCRIPTIONS RENTREE 202<\/strong>6<\/p>\n\n\n\n<p>Les inscriptions pour la rentr\u00e9e 2026 sont possibles d\u00e8s maintenant, sur rendez-vous, en prenant contact aupr\u00e8s de Lydie FEREY, cheffe d&#8217;\u00e9tablissement, au 02 43 03 93 41 ou par mail <strong>(lehorps.ecole.stlouis@ddec53.fr). <\/strong><\/p>\n\n\n\n<p>Une visite de l&#8217;\u00e9cole est possible, sur rendez-vous. <\/p>\n\n\n\n<p><\/p>\n\n\n\n<p><\/p>\n","protected":false},"excerpt":{"rendered":"<p>INSCRIPTIONS RENTREE 2026 Les inscriptions pour la rentr\u00e9e 2026 sont possibles d\u00e8s maintenant, sur rendez-vous, en prenant contact aupr\u00e8s de Lydie FEREY, cheffe d&#8217;\u00e9tablissement, au 02 43 03 93 41\u2026<\/p>\n<p class=\"continue-reading-button\"> <a class=\"continue-reading-link\" href=\"http:\/\/lehorps-stlouis.fr\/?page_id=361\">lire la suite<i class=\"crycon-right-dir\"><\/i><\/a><\/p>\n","protected":false},"author":1,"featured_media":0,"parent":0,"menu_order":0,"comment_status":"closed","ping_status":"closed","template":"","meta":{"footnotes":"","_links_to":"","_links_to_target":""},"class_list":["post-361","page","type-page","status-publish","hentry"],"_links":{"self":[{"href":"http:\/\/lehorps-stlouis.fr\/index.php?rest_route=\/wp\/v2\/pages\/361","targetHints":{"allow":["GET"]}}],"collection":[{"href":"http:\/\/lehorps-stlouis.fr\/index.php?rest_route=\/wp\/v2\/pages"}],"about":[{"href":"http:\/\/lehorps-stlouis.fr\/index.php?rest_route=\/wp\/v2\/types\/page"}],"author":[{"embeddable":true,"href":"http:\/\/lehorps-stlouis.fr\/index.php?rest_route=\/wp\/v2\/users\/1"}],"replies":[{"embeddable":true,"href":"http:\/\/lehorps-stlouis.fr\/index.php?rest_route=%2Fwp%2Fv2%2Fcomments&post=361"}],"version-history":[{"count":18,"href":"http:\/\/lehorps-stlouis.fr\/index.php?rest_route=\/wp\/v2\/pages\/361\/revisions"}],"predecessor-version":[{"id":1722,"href":"http:\/\/lehorps-stlouis.fr\/index.php?rest_route=\/wp\/v2\/pages\/361\/revisions\/1722"}],"wp:attachment":[{"href":"http:\/\/lehorps-stlouis.fr\/index.php?rest_route=%2Fwp%2Fv2%2Fmedia&parent=361"}],"curies":[{"name":"wp","href":"https:\/\/api.w.org\/{rel}","templated":true}]}}